{"id":6505,"date":"2023-06-29T12:38:25","date_gmt":"2023-06-29T15:38:25","guid":{"rendered":"https:\/\/solartik.com\/ar\/?page_id=6505"},"modified":"2023-06-29T12:43:16","modified_gmt":"2023-06-29T15:43:16","slug":"bombeo-solar","status":"publish","type":"page","link":"https:\/\/solartik.com\/ar\/bombeo-solar\/","title":{"rendered":"Bombeo Solar"},"content":{"rendered":"\t\t<div data-elementor-type=\"wp-page\" data-elementor-id=\"6505\" class=\"elementor elementor-6505\">\n\t\t\t\t        <section class=\"elementor-section elementor-top-section elementor-element elementor-element-f199ac4 elementor-section-boxed elementor-section-height-default elementor-section-height-default pxl-section-overflow-hidden-no\" data-id=\"f199ac4\" data-element_type=\"section\" data-e-type=\"section\">\n\n                \n                <div class=\"elementor-container elementor-column-gap-default \">\n                <div class=\"elementor-column elementor-col-100 elementor-top-column elementor-element elementor-element-c2c4f7c pxl-column-element-default\" data-id=\"c2c4f7c\" data-element_type=\"column\" data-e-type=\"column\">\r\n        <div class=\"elementor-widget-wrap elementor-element-populated\">\r\n                     \r\n        \t\t<div class=\"elementor-element elementor-element-08dfc60 elementor-widget elementor-widget-heading\" data-id=\"08dfc60\" data-element_type=\"widget\" data-e-type=\"widget\" data-widget_type=\"heading.default\">\n\t\t\t\t<div class=\"elementor-widget-container\">\n\t\t\t\t\t<h2 class=\"elementor-heading-title elementor-size-large\">Bombas de Agua Solares<\/h2>\t\t\t\t<\/div>\n\t\t\t\t<\/div>\n\t\t            <\/div>\r\n        <\/div>\r\n        \t\t\t<\/div>\n\t\t<\/section>\n\t\t        <section class=\"elementor-section elementor-top-section elementor-element elementor-element-c6f56e5 elementor-section-boxed elementor-section-height-default elementor-section-height-default pxl-section-overflow-hidden-no\" data-id=\"c6f56e5\" data-element_type=\"section\" data-e-type=\"section\">\n\n                \n                <div class=\"elementor-container elementor-column-gap-default \">\n                <div class=\"elementor-column elementor-col-100 elementor-top-column elementor-element elementor-element-ae32743 pxl-column-element-default\" data-id=\"ae32743\" data-element_type=\"column\" data-e-type=\"column\">\r\n        <div class=\"elementor-widget-wrap elementor-element-populated\">\r\n                     \r\n        \t\t<div class=\"elementor-element elementor-element-19b9d26 elementor-widget elementor-widget-pxl_text_editor\" data-id=\"19b9d26\" data-element_type=\"widget\" data-e-type=\"widget\" data-widget_type=\"pxl_text_editor.default\">\n\t\t\t\t<div class=\"elementor-widget-container\">\n\t\t\t\t\t<div id=\"pxl_text_editor-19b9d26-1209\" class=\"pxl-text-editor-wrap d-flex \" >\n\t<div class=\"pxl-text-editor elementor-clearfix\">\n\t\t<p>Los sistemas de bombeo solar fotovoltaico que utilizan bombas de agua solares son muy \u00fatiles en lugares donde no es posible acceder a la red el\u00e9ctrica o bien supone un inversi\u00f3n demasiado costosa. Por ejemplo en sistemas de bombeo para riego o para animales. Su coste es generalmente m\u00e1s econ\u00f3mico debido a sus menores costes de operaci\u00f3n y mantenimiento. Adem\u00e1s las bombas de agua solares presentan un menor impacto ambiental que los sistemas de bombeo alimentados mediante motores de combusti\u00f3n interna, que tienen adem\u00e1s una menor fiabilidad y mayores costos operativos.<\/p><p>Las bombas de agua solares utilizadas pueden ser tanto de corriente alterna (AC) como corriente continua (DC). Normalmente se emplean motores de corriente continua para peque\u00f1as y medianas aplicaciones de hasta 3 kW de potencia. Para aplicaciones m\u00e1s grandes se utilizan motores de corriente alterna acoplados a un inversor que transforma la corriente continua procedente de los paneles fotovoltaicos. Es posible dimensionar sistemas desde 0,21Kw hasta los 15Kw de potencia, que pueden ser empleados para abastecer complejos sistemas de irrigaci\u00f3n o almacenamiento de agua. En algunos casos se instalan sistemas de alimentaci\u00f3n h\u00edbridos. Estos sistemas pueden recibir energ\u00eda de paneles solares o de un grupo electr\u00f3geno mejorando la disponibilidad del bombeo.<\/p><p>Los sistemas de bombeo solar fotovoltaico se dimensionan de acuerdo a las condiciones de irradiaci\u00f3n solar del lugar, la altura din\u00e1mica total de bombeo y la necesidad de agua por d\u00eda. No se aconseja la utilizaci\u00f3n de bater\u00edas, ya que estas necesitan mantenimiento o recambio despu\u00e9s de algunos a\u00f1os. Lo recomendable es instalar un dep\u00f3sito de agua que act\u00faa como reserva para los d\u00edas donde la irradiaci\u00f3n solar es baja. Para ello es com\u00fan la instalaci\u00f3n de tanques australianos, bateas o dep\u00f3sitos excavados.<\/p>\t\t\n\t<\/div>\n<\/div>\t\t\t\t<\/div>\n\t\t\t\t<\/div>\n\t\t            <\/div>\r\n        <\/div>\r\n        \t\t\t<\/div>\n\t\t<\/section>\n\t\t        <section class=\"elementor-section elementor-top-section elementor-element elementor-element-9b3eefe elementor-section-boxed elementor-section-height-default elementor-section-height-default pxl-section-overflow-hidden-no\" data-id=\"9b3eefe\" data-element_type=\"section\" data-e-type=\"section\">\n\n                \n                <div class=\"elementor-container elementor-column-gap-default \">\n                <div class=\"elementor-column elementor-col-100 elementor-top-column elementor-element elementor-element-d8dead2 pxl-column-element-default\" data-id=\"d8dead2\" data-element_type=\"column\" data-e-type=\"column\">\r\n        <div class=\"elementor-widget-wrap elementor-element-populated\">\r\n                     \r\n        \t\t<div class=\"elementor-element elementor-element-a2158ba elementor-widget elementor-widget-image\" data-id=\"a2158ba\" data-element_type=\"widget\" data-e-type=\"widget\" data-widget_type=\"image.default\">\n\t\t\t\t<div class=\"elementor-widget-container\">\n\t\t\t\t\t\t\t\t\t\t\t\t\t\t\t<img fetchpriority=\"high\" decoding=\"async\" width=\"780\" height=\"485\" src=\"https:\/\/solartik.com\/ar\/wp-content\/uploads\/sites\/2\/2023\/06\/esquema-bombeo-solar-de-agua.webp\" class=\"attachment-full size-full wp-image-6507\" alt=\"\" title=\"\">\t\t\t\t\t\t\t\t\t\t\t\t\t\t\t<\/div>\n\t\t\t\t<\/div>\n\t\t            <\/div>\r\n        <\/div>\r\n        \t\t\t<\/div>\n\t\t<\/section>\n\t\t\t\t<\/div>\n\t\t","protected":false},"excerpt":{"rendered":"<p>Bombas de Agua Solares Los sistemas de bombeo solar fotovoltaico que utilizan bombas de agua solares son muy \u00fatiles en lugares donde no es posible acceder a la red el\u00e9ctrica o bien supone un inversi\u00f3n demasiado costosa. Por ejemplo en sistemas de bombeo para riego o para animales. Su coste es generalmente m\u00e1s econ\u00f3mico debido [&hellip;]<\/p>\n","protected":false},"author":3,"featured_media":0,"parent":0,"menu_order":0,"comment_status":"closed","ping_status":"closed","template":"","meta":{"footnotes":""},"class_list":["post-6505","page","type-page","status-publish","hentry"],"amp_enabled":true,"_links":{"self":[{"href":"https:\/\/solartik.com\/ar\/wp-json\/wp\/v2\/pages\/6505","targetHints":{"allow":["GET"]}}],"collection":[{"href":"https:\/\/solartik.com\/ar\/wp-json\/wp\/v2\/pages"}],"about":[{"href":"https:\/\/solartik.com\/ar\/wp-json\/wp\/v2\/types\/page"}],"author":[{"embeddable":true,"href":"https:\/\/solartik.com\/ar\/wp-json\/wp\/v2\/users\/3"}],"replies":[{"embeddable":true,"href":"https:\/\/solartik.com\/ar\/wp-json\/wp\/v2\/comments?post=6505"}],"version-history":[{"count":0,"href":"https:\/\/solartik.com\/ar\/wp-json\/wp\/v2\/pages\/6505\/revisions"}],"wp:attachment":[{"href":"https:\/\/solartik.com\/ar\/wp-json\/wp\/v2\/media?parent=6505"}],"curies":[{"name":"wp","href":"https:\/\/api.w.org\/{rel}","templated":true}]}}