{"id":6499,"date":"2023-06-29T12:35:46","date_gmt":"2023-06-29T15:35:46","guid":{"rendered":"https:\/\/solartik.com\/ar\/?page_id=6499"},"modified":"2023-06-29T12:36:34","modified_gmt":"2023-06-29T15:36:34","slug":"eficiencia-energetica","status":"publish","type":"page","link":"https:\/\/solartik.com\/ar\/eficiencia-energetica\/","title":{"rendered":"Eficiencia Energ\u00e9tica"},"content":{"rendered":"\t\t<div data-elementor-type=\"wp-page\" data-elementor-id=\"6499\" class=\"elementor elementor-6499\">\n\t\t\t\t        <section class=\"elementor-section elementor-top-section elementor-element elementor-element-39fefdc elementor-section-boxed elementor-section-height-default elementor-section-height-default pxl-section-overflow-hidden-no\" data-id=\"39fefdc\" data-element_type=\"section\" data-e-type=\"section\">\n\n                \n                <div class=\"elementor-container elementor-column-gap-default \">\n                <div class=\"elementor-column elementor-col-100 elementor-top-column elementor-element elementor-element-bbf365b pxl-column-element-default\" data-id=\"bbf365b\" data-element_type=\"column\" data-e-type=\"column\">\r\n        <div class=\"elementor-widget-wrap elementor-element-populated\">\r\n                     \r\n        \t\t<div class=\"elementor-element elementor-element-b550b06 elementor-widget elementor-widget-pxl_text_editor\" data-id=\"b550b06\" data-element_type=\"widget\" data-e-type=\"widget\" data-widget_type=\"pxl_text_editor.default\">\n\t\t\t\t<div class=\"elementor-widget-container\">\n\t\t\t\t\t<div id=\"pxl_text_editor-b550b06-5616\" class=\"pxl-text-editor-wrap d-flex \" >\n\t<div class=\"pxl-text-editor elementor-clearfix\">\n\t\t<p>El uso eficiente de la energ\u00eda, a veces simplemente llamado eficiencia energ\u00e9tica o ahorro energ\u00e9tico, es el objetivo de reducir la cantidad de energ\u00eda requerida para proporcionar productos y servicios. Por ejemplo, aislar una casa permite que un edificio use menos energ\u00eda de calefacci\u00f3n y refrigeraci\u00f3n para lograr y mantener una temperatura agradable. La instalaci\u00f3n de iluminaci\u00f3n LED, luces fluorescentes o la adopci\u00f3n de sistemas de generaci\u00f3n de energ\u00eda renovables reduce la cantidad de energ\u00eda requerida de otras fuentes m\u00e1s costosas y contaminantes.<\/p><p>Los individuos y las organizaciones que son consumidores directos de la energ\u00eda pueden reducir el consumo energ\u00e9tico para disminuir costos y promover sustentabilidad econ\u00f3mica, pol\u00edtica y ambiental. Particularmente los usuarios industriales y comerciales pueden desear bajar los costos operativos para as\u00ed maximizar su beneficio.<\/p>\t\t\n\t<\/div>\n<\/div>\t\t\t\t<\/div>\n\t\t\t\t<\/div>\n\t\t            <\/div>\r\n        <\/div>\r\n        \t\t\t<\/div>\n\t\t<\/section>\n\t\t        <section class=\"elementor-section elementor-top-section elementor-element elementor-element-af396a9 elementor-section-boxed elementor-section-height-default elementor-section-height-default pxl-section-overflow-hidden-no\" data-id=\"af396a9\" data-element_type=\"section\" data-e-type=\"section\">\n\n                \n                <div class=\"elementor-container elementor-column-gap-default \">\n                <div class=\"elementor-column elementor-col-100 elementor-top-column elementor-element elementor-element-0a8917e pxl-column-element-default\" data-id=\"0a8917e\" data-element_type=\"column\" data-e-type=\"column\">\r\n        <div class=\"elementor-widget-wrap elementor-element-populated\">\r\n                     \r\n        \t\t<div class=\"elementor-element elementor-element-5190176 elementor-widget elementor-widget-image\" data-id=\"5190176\" data-element_type=\"widget\" data-e-type=\"widget\" data-widget_type=\"image.default\">\n\t\t\t\t<div class=\"elementor-widget-container\">\n\t\t\t\t\t\t\t\t\t\t\t\t\t\t\t<img fetchpriority=\"high\" decoding=\"async\" width=\"550\" height=\"550\" src=\"https:\/\/solartik.com\/ar\/wp-content\/uploads\/sites\/2\/2023\/06\/datos-eficiencia-energetica.jpg.webp\" class=\"attachment-full size-full wp-image-6501\" alt=\"\" srcset=\"https:\/\/solartik.com\/ar\/wp-content\/uploads\/sites\/2\/2023\/06\/datos-eficiencia-energetica.jpg.webp 550w, https:\/\/solartik.com\/ar\/wp-content\/uploads\/sites\/2\/2023\/06\/datos-eficiencia-energetica.jpg-300x300.webp 300w, https:\/\/solartik.com\/ar\/wp-content\/uploads\/sites\/2\/2023\/06\/datos-eficiencia-energetica.jpg-255x255.webp 255w\" sizes=\"(max-width: 550px) 100vw, 550px\" title=\"\">\t\t\t\t\t\t\t\t\t\t\t\t\t\t\t<\/div>\n\t\t\t\t<\/div>\n\t\t            <\/div>\r\n        <\/div>\r\n        \t\t\t<\/div>\n\t\t<\/section>\n\t\t\t\t<\/div>\n\t\t","protected":false},"excerpt":{"rendered":"<p>El uso eficiente de la energ\u00eda, a veces simplemente llamado eficiencia energ\u00e9tica o ahorro energ\u00e9tico, es el objetivo de reducir la cantidad de energ\u00eda requerida para proporcionar productos y servicios. Por ejemplo, aislar una casa permite que un edificio use menos energ\u00eda de calefacci\u00f3n y refrigeraci\u00f3n para lograr y mantener una temperatura agradable. La instalaci\u00f3n [&hellip;]<\/p>\n","protected":false},"author":3,"featured_media":0,"parent":0,"menu_order":0,"comment_status":"closed","ping_status":"closed","template":"","meta":{"footnotes":""},"class_list":["post-6499","page","type-page","status-publish","hentry"],"amp_enabled":true,"_links":{"self":[{"href":"https:\/\/solartik.com\/ar\/wp-json\/wp\/v2\/pages\/6499","targetHints":{"allow":["GET"]}}],"collection":[{"href":"https:\/\/solartik.com\/ar\/wp-json\/wp\/v2\/pages"}],"about":[{"href":"https:\/\/solartik.com\/ar\/wp-json\/wp\/v2\/types\/page"}],"author":[{"embeddable":true,"href":"https:\/\/solartik.com\/ar\/wp-json\/wp\/v2\/users\/3"}],"replies":[{"embeddable":true,"href":"https:\/\/solartik.com\/ar\/wp-json\/wp\/v2\/comments?post=6499"}],"version-history":[{"count":0,"href":"https:\/\/solartik.com\/ar\/wp-json\/wp\/v2\/pages\/6499\/revisions"}],"wp:attachment":[{"href":"https:\/\/solartik.com\/ar\/wp-json\/wp\/v2\/media?parent=6499"}],"curies":[{"name":"wp","href":"https:\/\/api.w.org\/{rel}","templated":true}]}}