{"id":6401,"date":"2023-06-27T04:23:43","date_gmt":"2023-06-27T07:23:43","guid":{"rendered":"https:\/\/solartik.com\/ar\/?page_id=6401"},"modified":"2023-06-29T12:26:17","modified_gmt":"2023-06-29T15:26:17","slug":"energia-solar-fotovoltaica","status":"publish","type":"page","link":"https:\/\/solartik.com\/ar\/energia-solar-fotovoltaica\/","title":{"rendered":"Energ\u00eda Solar Fotovoltaica"},"content":{"rendered":"\t\t<div data-elementor-type=\"wp-page\" data-elementor-id=\"6401\" class=\"elementor elementor-6401\">\n\t\t\t\t        <section class=\"elementor-section elementor-top-section elementor-element elementor-element-80c0a91 elementor-section-boxed elementor-section-height-default elementor-section-height-default pxl-section-overflow-hidden-no\" data-id=\"80c0a91\" data-element_type=\"section\" data-e-type=\"section\">\n\n                \n                <div class=\"elementor-container elementor-column-gap-default \">\n                <div class=\"elementor-column elementor-col-100 elementor-top-column elementor-element elementor-element-5ae9a7d pxl-column-element-default\" data-id=\"5ae9a7d\" data-element_type=\"column\" data-e-type=\"column\">\r\n        <div class=\"elementor-widget-wrap elementor-element-populated\">\r\n                     \r\n        \t\t<div class=\"elementor-element elementor-element-59a3edb elementor-widget elementor-widget-pxl_text_editor\" data-id=\"59a3edb\" data-element_type=\"widget\" data-e-type=\"widget\" data-widget_type=\"pxl_text_editor.default\">\n\t\t\t\t<div class=\"elementor-widget-container\">\n\t\t\t\t\t<div id=\"pxl_text_editor-59a3edb-7265\" class=\"pxl-text-editor-wrap d-flex \" >\n\t<div class=\"pxl-text-editor elementor-clearfix\">\n\t\t<p>La energ\u00eda fotovoltaica con paneles solares es una fuente de energ\u00eda que produce electricidad de origen renovable,\u200b obtenida directamente a partir de la radiaci\u00f3n solar mediante un dispositivo semiconductor denominado c\u00e9lula fotovoltaica (que conforman los paneles solares), generando energ\u00eda el\u00e9ctrica gratis y limpia por m\u00e1s de 25 a\u00f1os.<\/p><p>Gracias a los avances tecnol\u00f3gicos, la sofisticaci\u00f3n y la econom\u00eda de escala, el coste de la energ\u00eda fotovoltaica con paneles solares se ha reducido de forma constante desde que se fabricaron las primeras c\u00e9lulas solares comerciales, aumentando a su vez la eficiencia y logrando que su coste medio de generaci\u00f3n el\u00e9ctrica sea ya competitivo con las fuentes de energ\u00eda convencionales en un creciente n\u00famero de regiones geogr\u00e1ficas, incluso llegando a ser m\u00e1s econ\u00f3mica que fuentes convencionales dependiendo de la localizaci\u00f3n y escala del proyecto.<\/p><p>La electricidad generada por parte de los sistemas de energ\u00edas solar fotovoltaica tienen la capacidad de abastecer a trav\u00e9s de un regulador solar sistemas en 12V\/24V\/48V de corriente continua con bater\u00edas o bien en 220V\/380V de corriente alterna a trav\u00e9s de un inversor, los cuales se dividen en dos timos de sistemas, sin conexi\u00f3n a la red (off-grid) y conectados a la red (on-grid)<\/p>\t\t\n\t<\/div>\n<\/div>\t\t\t\t<\/div>\n\t\t\t\t<\/div>\n\t\t            <\/div>\r\n        <\/div>\r\n        \t\t\t<\/div>\n\t\t<\/section>\n\t\t        <section class=\"elementor-section elementor-top-section elementor-element elementor-element-2760694 elementor-section-boxed elementor-section-height-default elementor-section-height-default pxl-section-overflow-hidden-no\" data-id=\"2760694\" data-element_type=\"section\" data-e-type=\"section\">\n\n                \n                <div class=\"elementor-container elementor-column-gap-default \">\n                <div class=\"elementor-column elementor-col-100 elementor-top-column elementor-element elementor-element-cf041d6 pxl-column-element-default\" data-id=\"cf041d6\" data-element_type=\"column\" data-e-type=\"column\">\r\n        <div class=\"elementor-widget-wrap elementor-element-populated\">\r\n                     \r\n        \t\t<div class=\"elementor-element elementor-element-9988b16 elementor-widget elementor-widget-heading\" data-id=\"9988b16\" data-element_type=\"widget\" data-e-type=\"widget\" data-widget_type=\"heading.default\">\n\t\t\t\t<div class=\"elementor-widget-container\">\n\t\t\t\t\t<h2 class=\"elementor-heading-title elementor-size-large\">Sistema sin conexi\u00f3n a red (off-grid)\n<\/h2>\t\t\t\t<\/div>\n\t\t\t\t<\/div>\n\t\t\t\t<div class=\"elementor-element elementor-element-ae12222 elementor-widget elementor-widget-image\" data-id=\"ae12222\" data-element_type=\"widget\" data-e-type=\"widget\" data-widget_type=\"image.default\">\n\t\t\t\t<div class=\"elementor-widget-container\">\n\t\t\t\t\t\t\t\t\t\t\t\t\t\t\t<img decoding=\"async\" src=\"https:\/\/solartik.com\/ar\/wp-content\/uploads\/sites\/2\/elementor\/thumbs\/esquema-solar-off-grid-1024x857.jpg-q8ojredzxie62gaer01zgg6ms3twfw1rcp3qwo36xm.webp\" title=\"esquema-solar-off-grid-1024&#215;857.jpg\" alt=\"esquema-solar-off-grid-1024x857.jpg\" loading=\"lazy\" \/>\t\t\t\t\t\t\t\t\t\t\t\t\t\t\t<\/div>\n\t\t\t\t<\/div>\n\t\t            <\/div>\r\n        <\/div>\r\n        \t\t\t<\/div>\n\t\t<\/section>\n\t\t        <section class=\"elementor-section elementor-top-section elementor-element elementor-element-6312bcb elementor-section-boxed elementor-section-height-default elementor-section-height-default pxl-section-overflow-hidden-no\" data-id=\"6312bcb\" data-element_type=\"section\" data-e-type=\"section\">\n\n                \n                <div class=\"elementor-container elementor-column-gap-default \">\n                <div class=\"elementor-column elementor-col-100 elementor-top-column elementor-element elementor-element-420fbe0 pxl-column-element-default\" data-id=\"420fbe0\" data-element_type=\"column\" data-e-type=\"column\">\r\n        <div class=\"elementor-widget-wrap elementor-element-populated\">\r\n                     \r\n        \t\t<div class=\"elementor-element elementor-element-74045ea elementor-widget elementor-widget-heading\" data-id=\"74045ea\" data-element_type=\"widget\" data-e-type=\"widget\" data-widget_type=\"heading.default\">\n\t\t\t\t<div class=\"elementor-widget-container\">\n\t\t\t\t\t<h2 class=\"elementor-heading-title elementor-size-large\">Sistema de conexi\u00f3n a red (on-grid)<\/h2>\t\t\t\t<\/div>\n\t\t\t\t<\/div>\n\t\t\t\t<div class=\"elementor-element elementor-element-7cd4b49 elementor-widget elementor-widget-image\" data-id=\"7cd4b49\" data-element_type=\"widget\" data-e-type=\"widget\" data-widget_type=\"image.default\">\n\t\t\t\t<div class=\"elementor-widget-container\">\n\t\t\t\t\t\t\t\t\t\t\t\t\t\t\t<img decoding=\"async\" src=\"https:\/\/solartik.com\/ar\/wp-content\/uploads\/sites\/2\/elementor\/thumbs\/esquema-solar-on-grid-q8ojxekvlem48rkdoli6dxmneq8bm9w0uf5fab6mrs.webp\" title=\"esquema-solar-on-grid\" alt=\"esquema-solar-on-grid\" loading=\"lazy\" \/>\t\t\t\t\t\t\t\t\t\t\t\t\t\t\t<\/div>\n\t\t\t\t<\/div>\n\t\t            <\/div>\r\n        <\/div>\r\n        \t\t\t<\/div>\n\t\t<\/section>\n\t\t\t\t<\/div>\n\t\t","protected":false},"excerpt":{"rendered":"<p>La energ\u00eda fotovoltaica con paneles solares es una fuente de energ\u00eda que produce electricidad de origen renovable,\u200b obtenida directamente a partir de la radiaci\u00f3n solar mediante un dispositivo semiconductor denominado c\u00e9lula fotovoltaica (que conforman los paneles solares), generando energ\u00eda el\u00e9ctrica gratis y limpia por m\u00e1s de 25 a\u00f1os. Gracias a los avances tecnol\u00f3gicos, la sofisticaci\u00f3n [&hellip;]<\/p>\n","protected":false},"author":3,"featured_media":0,"parent":0,"menu_order":0,"comment_status":"closed","ping_status":"closed","template":"","meta":{"footnotes":""},"class_list":["post-6401","page","type-page","status-publish","hentry"],"amp_enabled":true,"_links":{"self":[{"href":"https:\/\/solartik.com\/ar\/wp-json\/wp\/v2\/pages\/6401","targetHints":{"allow":["GET"]}}],"collection":[{"href":"https:\/\/solartik.com\/ar\/wp-json\/wp\/v2\/pages"}],"about":[{"href":"https:\/\/solartik.com\/ar\/wp-json\/wp\/v2\/types\/page"}],"author":[{"embeddable":true,"href":"https:\/\/solartik.com\/ar\/wp-json\/wp\/v2\/users\/3"}],"replies":[{"embeddable":true,"href":"https:\/\/solartik.com\/ar\/wp-json\/wp\/v2\/comments?post=6401"}],"version-history":[{"count":0,"href":"https:\/\/solartik.com\/ar\/wp-json\/wp\/v2\/pages\/6401\/revisions"}],"wp:attachment":[{"href":"https:\/\/solartik.com\/ar\/wp-json\/wp\/v2\/media?parent=6401"}],"curies":[{"name":"wp","href":"https:\/\/api.w.org\/{rel}","templated":true}]}}