{"id":6398,"date":"2023-06-27T04:21:13","date_gmt":"2023-06-27T07:21:13","guid":{"rendered":"https:\/\/solartik.com\/ar\/?page_id=6398"},"modified":"2023-06-29T12:28:51","modified_gmt":"2023-06-29T15:28:51","slug":"energia-solar-termica","status":"publish","type":"page","link":"https:\/\/solartik.com\/ar\/energia-solar-termica\/","title":{"rendered":"Energ\u00eda solar t\u00e9rmica"},"content":{"rendered":"\t\t<div data-elementor-type=\"wp-page\" data-elementor-id=\"6398\" class=\"elementor elementor-6398\">\n\t\t\t\t        <section class=\"elementor-section elementor-top-section elementor-element elementor-element-600d726 elementor-section-boxed elementor-section-height-default elementor-section-height-default pxl-section-overflow-hidden-no\" data-id=\"600d726\" data-element_type=\"section\" data-e-type=\"section\">\n\n                \n                <div class=\"elementor-container elementor-column-gap-default \">\n                <div class=\"elementor-column elementor-col-100 elementor-top-column elementor-element elementor-element-a084ded pxl-column-element-default\" data-id=\"a084ded\" data-element_type=\"column\" data-e-type=\"column\">\r\n        <div class=\"elementor-widget-wrap elementor-element-populated\">\r\n                     \r\n        \t\t<div class=\"elementor-element elementor-element-31cc35e elementor-widget elementor-widget-pxl_text_editor\" data-id=\"31cc35e\" data-element_type=\"widget\" data-e-type=\"widget\" data-widget_type=\"pxl_text_editor.default\">\n\t\t\t\t<div class=\"elementor-widget-container\">\n\t\t\t\t\t<div id=\"pxl_text_editor-31cc35e-3874\" class=\"pxl-text-editor-wrap d-flex \" >\n\t<div class=\"pxl-text-editor elementor-clearfix\">\n\t\t<p>La energ\u00eda solar t\u00e9rmica es la que se produce en el Sol debido a la continua reacci\u00f3n termonuclear que se lleva a cabo en su interior, esto sucede a temperaturas de varios millones de grados. Esta energ\u00eda puede ser aprovechada a trav\u00e9s de tecnolog\u00edas de conversi\u00f3n fotot\u00e9rmica por ejemplo con coletores solares o termotanques solares.<\/p><p>Funciona por medio de la conversi\u00f3n de la luz solar en energ\u00eda t\u00e9rmica sobre superficies que transfieren dicha energ\u00eda a fluidos de trabajo como el agua, que puede ser empleada en la vivienda y en procesos diversos. Esto se puede lograr por medio de colectores o termotanques solares con tubos de vac\u00edo.<\/p>\t\t\n\t<\/div>\n<\/div>\t\t\t\t<\/div>\n\t\t\t\t<\/div>\n\t\t            <\/div>\r\n        <\/div>\r\n        \t\t\t<\/div>\n\t\t<\/section>\n\t\t        <section class=\"elementor-section elementor-top-section elementor-element elementor-element-8964040 elementor-section-boxed elementor-section-height-default elementor-section-height-default pxl-section-overflow-hidden-no\" data-id=\"8964040\" data-element_type=\"section\" data-e-type=\"section\">\n\n                \n                <div class=\"elementor-container elementor-column-gap-default \">\n                <div class=\"elementor-column elementor-col-100 elementor-top-column elementor-element elementor-element-152cf84 pxl-column-element-default\" data-id=\"152cf84\" data-element_type=\"column\" data-e-type=\"column\">\r\n        <div class=\"elementor-widget-wrap elementor-element-populated\">\r\n                     \r\n        \t\t<div class=\"elementor-element elementor-element-ce9526a elementor-widget elementor-widget-heading\" data-id=\"ce9526a\" data-element_type=\"widget\" data-e-type=\"widget\" data-widget_type=\"heading.default\">\n\t\t\t\t<div class=\"elementor-widget-container\">\n\t\t\t\t\t<h2 class=\"elementor-heading-title elementor-size-large\">Funcionamiento del termotanque solar<\/h2>\t\t\t\t<\/div>\n\t\t\t\t<\/div>\n\t\t\t\t<div class=\"elementor-element elementor-element-593b890 elementor-widget elementor-widget-image\" data-id=\"593b890\" data-element_type=\"widget\" data-e-type=\"widget\" data-widget_type=\"image.default\">\n\t\t\t\t<div class=\"elementor-widget-container\">\n\t\t\t\t\t\t\t\t\t\t\t\t\t\t\t<img decoding=\"async\" src=\"https:\/\/solartik.com\/ar\/wp-content\/uploads\/sites\/2\/elementor\/thumbs\/esquema-termotanque-solar-de-agua-768x527.png-q8okix3w0w2dzgbc1wargi6gw86rsvaugwpiqba7y8.webp\" title=\"esquema-termotanque-solar-de-agua-768&#215;527.png\" alt=\"esquema-termotanque-solar-de-agua-768x527.png\" loading=\"lazy\" \/>\t\t\t\t\t\t\t\t\t\t\t\t\t\t\t<\/div>\n\t\t\t\t<\/div>\n\t\t            <\/div>\r\n        <\/div>\r\n        \t\t\t<\/div>\n\t\t<\/section>\n\t\t        <section class=\"elementor-section elementor-top-section elementor-element elementor-element-0de4138 elementor-section-boxed elementor-section-height-default elementor-section-height-default pxl-section-overflow-hidden-no\" data-id=\"0de4138\" data-element_type=\"section\" data-e-type=\"section\">\n\n                \n                <div class=\"elementor-container elementor-column-gap-default \">\n                <div class=\"elementor-column elementor-col-100 elementor-top-column elementor-element elementor-element-98ed7f8 pxl-column-element-default\" data-id=\"98ed7f8\" data-element_type=\"column\" data-e-type=\"column\">\r\n        <div class=\"elementor-widget-wrap elementor-element-populated\">\r\n                     \r\n        \t\t<div class=\"elementor-element elementor-element-7f80f1d elementor-widget elementor-widget-heading\" data-id=\"7f80f1d\" data-element_type=\"widget\" data-e-type=\"widget\" data-widget_type=\"heading.default\">\n\t\t\t\t<div class=\"elementor-widget-container\">\n\t\t\t\t\t<h2 class=\"elementor-heading-title elementor-size-large\">Funcionamiento del colector solar<\/h2>\t\t\t\t<\/div>\n\t\t\t\t<\/div>\n\t\t\t\t<div class=\"elementor-element elementor-element-98a79af elementor-widget elementor-widget-image\" data-id=\"98a79af\" data-element_type=\"widget\" data-e-type=\"widget\" data-widget_type=\"image.default\">\n\t\t\t\t<div class=\"elementor-widget-container\">\n\t\t\t\t\t\t\t\t\t\t\t\t\t\t\t<img fetchpriority=\"high\" decoding=\"async\" width=\"296\" height=\"304\" src=\"https:\/\/solartik.com\/ar\/wp-content\/uploads\/sites\/2\/2023\/06\/esquema-colector-solar-de-agua.jpg.webp\" class=\"attachment-full size-full wp-image-6490\" alt=\"\" title=\"\">\t\t\t\t\t\t\t\t\t\t\t\t\t\t\t<\/div>\n\t\t\t\t<\/div>\n\t\t            <\/div>\r\n        <\/div>\r\n        \t\t\t<\/div>\n\t\t<\/section>\n\t\t        <section class=\"elementor-section elementor-top-section elementor-element elementor-element-121aaf9 elementor-section-boxed elementor-section-height-default elementor-section-height-default pxl-section-overflow-hidden-no\" data-id=\"121aaf9\" data-element_type=\"section\" data-e-type=\"section\">\n\n                \n                <div class=\"elementor-container elementor-column-gap-default \">\n                <div class=\"elementor-column elementor-col-100 elementor-top-column elementor-element elementor-element-e6f8cdb pxl-column-element-default\" data-id=\"e6f8cdb\" data-element_type=\"column\" data-e-type=\"column\">\r\n        <div class=\"elementor-widget-wrap elementor-element-populated\">\r\n                     \r\n        \t\t<div class=\"elementor-element elementor-element-7c476d1 elementor-widget elementor-widget-heading\" data-id=\"7c476d1\" data-element_type=\"widget\" data-e-type=\"widget\" data-widget_type=\"heading.default\">\n\t\t\t\t<div class=\"elementor-widget-container\">\n\t\t\t\t\t<h2 class=\"elementor-heading-title elementor-size-large\">Climatizador solar de piscina<\/h2>\t\t\t\t<\/div>\n\t\t\t\t<\/div>\n\t\t        <section class=\"elementor-section elementor-inner-section elementor-element elementor-element-f0dbfea elementor-section-boxed elementor-section-height-default elementor-section-height-default pxl-section-overflow-hidden-no\" data-id=\"f0dbfea\" data-element_type=\"section\" data-e-type=\"section\">\n\n                \n                <div class=\"elementor-container elementor-column-gap-default \">\n                <div class=\"elementor-column elementor-col-50 elementor-inner-column elementor-element elementor-element-bec11ea pxl-column-element-default\" data-id=\"bec11ea\" data-element_type=\"column\" data-e-type=\"column\">\r\n        <div class=\"elementor-widget-wrap elementor-element-populated\">\r\n                     \r\n        \t\t<div class=\"elementor-element elementor-element-b082ba5 elementor-widget elementor-widget-image\" data-id=\"b082ba5\" data-element_type=\"widget\" data-e-type=\"widget\" data-widget_type=\"image.default\">\n\t\t\t\t<div class=\"elementor-widget-container\">\n\t\t\t\t\t\t\t\t\t\t\t\t\t\t\t<img decoding=\"async\" width=\"451\" height=\"343\" src=\"https:\/\/solartik.com\/ar\/wp-content\/uploads\/sites\/2\/2023\/06\/esquema-climatizador-solar-de-piscina.jpg.webp\" class=\"attachment-full size-full wp-image-6491\" alt=\"\" title=\"\">\t\t\t\t\t\t\t\t\t\t\t\t\t\t\t<\/div>\n\t\t\t\t<\/div>\n\t\t            <\/div>\r\n        <\/div>\r\n                <div class=\"elementor-column elementor-col-50 elementor-inner-column elementor-element elementor-element-3cab834 pxl-column-element-default\" data-id=\"3cab834\" data-element_type=\"column\" data-e-type=\"column\">\r\n        <div class=\"elementor-widget-wrap elementor-element-populated\">\r\n                     \r\n        \t\t<div class=\"elementor-element elementor-element-9ddfb21 elementor-widget elementor-widget-video\" data-id=\"9ddfb21\" data-element_type=\"widget\" data-e-type=\"widget\" data-settings=\"{&quot;youtube_url&quot;:&quot;https:\\\/\\\/youtu.be\\\/-6ULawQMQ5U&quot;,&quot;video_type&quot;:&quot;youtube&quot;,&quot;controls&quot;:&quot;yes&quot;}\" data-widget_type=\"video.default\">\n\t\t\t\t<div class=\"elementor-widget-container\">\n\t\t\t\t\t\t\t<div class=\"elementor-wrapper elementor-open-inline\">\n\t\t\t<div class=\"elementor-video\"><\/div>\t\t<\/div>\n\t\t\t\t\t\t<\/div>\n\t\t\t\t<\/div>\n\t\t            <\/div>\r\n        <\/div>\r\n        \t\t\t<\/div>\n\t\t<\/section>\n\t\t            <\/div>\r\n        <\/div>\r\n        \t\t\t<\/div>\n\t\t<\/section>\n\t\t\t\t<\/div>\n\t\t","protected":false},"excerpt":{"rendered":"<p>La energ\u00eda solar t\u00e9rmica es la que se produce en el Sol debido a la continua reacci\u00f3n termonuclear que se lleva a cabo en su interior, esto sucede a temperaturas de varios millones de grados. Esta energ\u00eda puede ser aprovechada a trav\u00e9s de tecnolog\u00edas de conversi\u00f3n fotot\u00e9rmica por ejemplo con coletores solares o termotanques solares. [&hellip;]<\/p>\n","protected":false},"author":3,"featured_media":0,"parent":0,"menu_order":0,"comment_status":"closed","ping_status":"closed","template":"","meta":{"footnotes":""},"class_list":["post-6398","page","type-page","status-publish","hentry"],"amp_enabled":true,"_links":{"self":[{"href":"https:\/\/solartik.com\/ar\/wp-json\/wp\/v2\/pages\/6398","targetHints":{"allow":["GET"]}}],"collection":[{"href":"https:\/\/solartik.com\/ar\/wp-json\/wp\/v2\/pages"}],"about":[{"href":"https:\/\/solartik.com\/ar\/wp-json\/wp\/v2\/types\/page"}],"author":[{"embeddable":true,"href":"https:\/\/solartik.com\/ar\/wp-json\/wp\/v2\/users\/3"}],"replies":[{"embeddable":true,"href":"https:\/\/solartik.com\/ar\/wp-json\/wp\/v2\/comments?post=6398"}],"version-history":[{"count":0,"href":"https:\/\/solartik.com\/ar\/wp-json\/wp\/v2\/pages\/6398\/revisions"}],"wp:attachment":[{"href":"https:\/\/solartik.com\/ar\/wp-json\/wp\/v2\/media?parent=6398"}],"curies":[{"name":"wp","href":"https:\/\/api.w.org\/{rel}","templated":true}]}}