{"id":60,"date":"2022-02-28T14:01:59","date_gmt":"2022-02-28T14:01:59","guid":{"rendered":"http:\/\/localhost\/ecohub\/?page_id=60"},"modified":"2025-06-30T10:54:32","modified_gmt":"2025-06-30T13:54:32","slug":"contacto","status":"publish","type":"page","link":"https:\/\/solartik.com\/ar\/contacto\/","title":{"rendered":"Contacto"},"content":{"rendered":"\t\t<div data-elementor-type=\"wp-page\" data-elementor-id=\"60\" class=\"elementor elementor-60\">\n\t\t\t\t        <section class=\"elementor-section elementor-top-section elementor-element elementor-element-77b5fe9 elementor-hidden-desktop elementor-hidden-tablet_extra elementor-hidden-tablet elementor-hidden-mobile_extra elementor-hidden-mobile elementor-section-boxed elementor-section-height-default elementor-section-height-default pxl-section-overflow-hidden-no\" data-id=\"77b5fe9\" data-element_type=\"section\" data-e-type=\"section\">\n\n                \n                <div class=\"elementor-container elementor-column-gap-default \">\n                <div class=\"elementor-column elementor-col-100 elementor-top-column elementor-element elementor-element-e50bc1b pxl-column-element-default\" data-id=\"e50bc1b\" data-element_type=\"column\" data-e-type=\"column\">\r\n        <div class=\"elementor-widget-wrap elementor-element-populated\">\r\n                     \r\n        \t\t<div class=\"elementor-element elementor-element-729ad9b pxl-heading-layout-1 elementor-widget elementor-widget-pxl_heading\" data-id=\"729ad9b\" data-element_type=\"widget\" data-e-type=\"widget\" data-widget_type=\"pxl_heading.default\">\n\t\t\t\t<div class=\"elementor-widget-container\">\n\t\t\t\t\t<div class=\"pxl-heading-wrap d-flex layout1\">\n    <div class=\"pxl-heading-inner \">\n                <h2 class=\"heading-title\">\n            <span>Contacto<\/span>        <\/h2>\n                    <div class=\"heading-subtitle\">\n                <span><br \/>\nEnviar el formulario o llamarnos para contactar con nosotros y conocer m\u00e1s detalles.<br \/>\nBrindamos servicios de consulta y le ayudaremos a dise\u00f1ar su sistema de energ\u00eda renovable.<\/span>\n            <\/div>\n            <\/div>\n<\/div>\n\n\t\t\t\t<\/div>\n\t\t\t\t<\/div>\n\t\t            <\/div>\r\n        <\/div>\r\n        \t\t\t<\/div>\n\t\t<\/section>\n\t\t        <section class=\"elementor-section elementor-top-section elementor-element elementor-element-dc9653b elementor-section-boxed elementor-section-height-default elementor-section-height-default pxl-section-overflow-hidden-no\" data-id=\"dc9653b\" data-element_type=\"section\" data-e-type=\"section\">\n\n                \n                <div class=\"elementor-container elementor-column-gap-default \">\n                <div class=\"elementor-column elementor-col-33 elementor-top-column elementor-element elementor-element-c38a359 pxl-column-element-default\" data-id=\"c38a359\" data-element_type=\"column\" data-e-type=\"column\">\r\n        <div class=\"elementor-widget-wrap elementor-element-populated\">\r\n                     \r\n        \t\t<div class=\"elementor-element elementor-element-95e6635 pxl-contact-info-layout-1 elementor-invisible pxl-elementor-animate elementor-widget elementor-widget-pxl_contact_info\" data-id=\"95e6635\" data-element_type=\"widget\" data-e-type=\"widget\" data-settings=\"{&quot;_animation&quot;:&quot;fadeInUp&quot;}\" data-widget_type=\"pxl_contact_info.default\">\n\t\t\t\t<div class=\"elementor-widget-container\">\n\t\t\t\t\t<div class=\"pxl-ci-wrap d-flex layout-1\">\r\n\t<div class=\"ci-content-wrap col\">\r\n\t\t<div class=\"d-flex content-inner\">\r\n\t\t\t<div class=\"ci-icons col-auto\">\r\n\t\t\t\t<span aria-hidden=\"true\" class=\"pxl-icon pxli pxli-address\"><\/span>\t\t\t<\/div>\r\n\t\t\t<div class=\"ci-content col\">\r\n\t\t\t\t\t\t\t\t\t<h4 class=\"ci-title\">Direcci\u00f3n<\/h4> \r\n\t\t\t\t\t\t\t\t\t\t\t\t\t<div class=\"ci-desc\">Av. Carballo 183, Rosario, Santa Fe<\/div> \r\n\t\t\t\t\t\t\t<\/div>\r\n\t\t<\/div>\r\n\t<\/div>\r\n<\/div>\t\t\t\t<\/div>\n\t\t\t\t<\/div>\n\t\t\t\t<div class=\"elementor-element elementor-element-1106905 pxl-contact-info-layout-1 elementor-invisible pxl-elementor-animate elementor-widget elementor-widget-pxl_contact_info\" data-id=\"1106905\" data-element_type=\"widget\" data-e-type=\"widget\" data-settings=\"{&quot;_animation&quot;:&quot;fadeInUp&quot;}\" data-widget_type=\"pxl_contact_info.default\">\n\t\t\t\t<div class=\"elementor-widget-container\">\n\t\t\t\t\t<div class=\"pxl-ci-wrap d-flex layout-1\">\r\n\t<div class=\"ci-content-wrap col\">\r\n\t\t<div class=\"d-flex content-inner\">\r\n\t\t\t<div class=\"ci-icons col-auto\">\r\n\t\t\t\t<span aria-hidden=\"true\" class=\"pxl-icon pxli pxli-hours-support\"><\/span>\t\t\t<\/div>\r\n\t\t\t<div class=\"ci-content col\">\r\n\t\t\t\t\t\t\t\t\t<h4 class=\"ci-title\">N\u00famero de tel\u00e9fono<\/h4> \r\n\t\t\t\t\t\t\t\t\t\t\t\t\t<div class=\"ci-desc\"><a href=\"tel:3415273607\">0341 5273607<\/a><br \/>\n<\/div> \r\n\t\t\t\t\t\t\t<\/div>\r\n\t\t<\/div>\r\n\t<\/div>\r\n<\/div>\t\t\t\t<\/div>\n\t\t\t\t<\/div>\n\t\t            <\/div>\r\n        <\/div>\r\n                <div class=\"elementor-column elementor-col-66 elementor-top-column elementor-element elementor-element-fb1257c pxl-column-element-default\" data-id=\"fb1257c\" data-element_type=\"column\" data-e-type=\"column\">\r\n        <div class=\"elementor-widget-wrap elementor-element-populated\">\r\n                     \r\n        \t\t<div class=\"elementor-element elementor-element-24ba16e elementor-widget elementor-widget-html\" data-id=\"24ba16e\" data-element_type=\"widget\" data-e-type=\"widget\" data-widget_type=\"html.default\">\n\t\t\t\t<div class=\"elementor-widget-container\">\n\t\t\t\t\t\r\n    <iframe\r\n      id=\"JotFormIFrame-82753248791467\"\r\n      title=\"Solartik\"\r\n      onload=\"window.parent.scrollTo(0,0)\"\r\n      allowtransparency=\"true\"\r\n      allowfullscreen=\"true\"\r\n      allow=\"geolocation; microphone; camera\"\r\n      src=\"https:\/\/form.jotform.com\/82753248791467\"\r\n      frameborder=\"0\"\r\n      style=\"min-width:100%;max-width:100%;height:539px;border:none;\"\r\n      scrolling=\"no\"\r\n    >\r\n    <\/iframe>\r\n    <script type=\"text\/javascript\">\r\n    var ifr = document.getElementById(\"JotFormIFrame-82753248791467\");\r\n    if (ifr) {\r\n      var src = ifr.src;\r\n      var iframeParams = [];\r\n      if (window.location.href && window.location.href.indexOf(\"?\") > -1) {\r\n        iframeParams = iframeParams.concat(window.location.href.substr(window.location.href.indexOf(\"?\") + 1).split('&'));\r\n      }\r\n      if (src && src.indexOf(\"?\") > -1) {\r\n        iframeParams = iframeParams.concat(src.substr(src.indexOf(\"?\") + 1).split(\"&\"));\r\n        src = src.substr(0, src.indexOf(\"?\"))\r\n      }\r\n      iframeParams.push(\"isIframeEmbed=1\");\r\n      ifr.src = src + \"?\" + iframeParams.join('&');\r\n    }\r\n    window.handleIFrameMessage = function(e) {\r\n      if (typeof e.data === 'object') { return; }\r\n      var args = e.data.split(\":\");\r\n      if (args.length > 2) { iframe = document.getElementById(\"JotFormIFrame-\" + args[(args.length - 1)]); } else { iframe = document.getElementById(\"JotFormIFrame\"); }\r\n      if (!iframe) { return; }\r\n      switch (args[0]) {\r\n        case \"scrollIntoView\":\r\n          iframe.scrollIntoView();\r\n          break;\r\n        case \"setHeight\":\r\n          iframe.style.height = args[1] + \"px\";\r\n          if (!isNaN(args[1]) && parseInt(iframe.style.minHeight) > parseInt(args[1])) {\r\n            iframe.style.minHeight = args[1] + \"px\";\r\n          }\r\n          break;\r\n        case \"collapseErrorPage\":\r\n          if (iframe.clientHeight > window.innerHeight) {\r\n            iframe.style.height = window.innerHeight + \"px\";\r\n          }\r\n          break;\r\n        case \"reloadPage\":\r\n          window.location.reload();\r\n          break;\r\n        case \"loadScript\":\r\n          if( !window.isPermitted(e.origin, ['jotform.com', 'jotform.pro']) ) { break; }\r\n          var src = args[1];\r\n          if (args.length > 3) {\r\n              src = args[1] + ':' + args[2];\r\n          }\r\n          var script = document.createElement('script');\r\n          script.src = src;\r\n          script.type = 'text\/javascript';\r\n          document.body.appendChild(script);\r\n          break;\r\n        case \"exitFullscreen\":\r\n          if      (window.document.exitFullscreen)        window.document.exitFullscreen();\r\n          else if (window.document.mozCancelFullScreen)   window.document.mozCancelFullScreen();\r\n          else if (window.document.mozCancelFullscreen)   window.document.mozCancelFullScreen();\r\n          else if (window.document.webkitExitFullscreen)  window.document.webkitExitFullscreen();\r\n          else if (window.document.msExitFullscreen)      window.document.msExitFullscreen();\r\n          break;\r\n      }\r\n      var isJotForm = (e.origin.indexOf(\"jotform\") > -1) ? true : false;\r\n      if(isJotForm && \"contentWindow\" in iframe && \"postMessage\" in iframe.contentWindow) {\r\n        var urls = {\"docurl\":encodeURIComponent(document.URL),\"referrer\":encodeURIComponent(document.referrer)};\r\n        iframe.contentWindow.postMessage(JSON.stringify({\"type\":\"urls\",\"value\":urls}), \"*\");\r\n      }\r\n    };\r\n    window.isPermitted = function(originUrl, whitelisted_domains) {\r\n      var url = document.createElement('a');\r\n      url.href = originUrl;\r\n      var hostname = url.hostname;\r\n      var result = false;\r\n      if( typeof hostname !== 'undefined' ) {\r\n        whitelisted_domains.forEach(function(element) {\r\n            if( hostname.slice((-1 * element.length - 1)) === '.'.concat(element) ||  hostname === element ) {\r\n                result = true;\r\n            }\r\n        });\r\n        return result;\r\n      }\r\n    };\r\n    if (window.addEventListener) {\r\n      window.addEventListener(\"message\", handleIFrameMessage, false);\r\n    } else if (window.attachEvent) {\r\n      window.attachEvent(\"onmessage\", handleIFrameMessage);\r\n    }\r\n    <\/script>\t\t\t\t<\/div>\n\t\t\t\t<\/div>\n\t\t            <\/div>\r\n        <\/div>\r\n        \t\t\t<\/div>\n\t\t<\/section>\n\t\t        <section class=\"elementor-section elementor-top-section elementor-element elementor-element-2ce4416 elementor-section-full_width elementor-section-height-default elementor-section-height-default pxl-full-content-with-space-none pxl-section-overflow-hidden-no\" data-id=\"2ce4416\" data-element_type=\"section\" data-e-type=\"section\">\n\n                \n                <div class=\"elementor-container elementor-column-gap-no \">\n                <div class=\"elementor-column elementor-col-100 elementor-top-column elementor-element elementor-element-b860a63 pxl-column-element-default\" data-id=\"b860a63\" data-element_type=\"column\" data-e-type=\"column\">\r\n        <div class=\"elementor-widget-wrap elementor-element-populated\">\r\n                     \r\n        \t\t<div class=\"elementor-element elementor-element-e4eb74e elementor-widget elementor-widget-google_maps\" data-id=\"e4eb74e\" data-element_type=\"widget\" data-e-type=\"widget\" data-widget_type=\"google_maps.default\">\n\t\t\t\t<div class=\"elementor-widget-container\">\n\t\t\t\t\t\t\t<div class=\"elementor-custom-embed\">\n\t\t\t<iframe loading=\"lazy\"\n\t\t\t\t\tsrc=\"https:\/\/maps.google.com\/maps?q=Rosario%2C%20Santa%20Fe%2C%20Argentina&#038;t=m&#038;z=8&#038;output=embed&#038;iwloc=near\"\n\t\t\t\t\ttitle=\"Rosario, Santa Fe, Argentina\"\n\t\t\t\t\taria-label=\"Rosario, Santa Fe, Argentina\"\n\t\t\t><\/iframe>\n\t\t<\/div>\n\t\t\t\t\t\t<\/div>\n\t\t\t\t<\/div>\n\t\t            <\/div>\r\n        <\/div>\r\n        \t\t\t<\/div>\n\t\t<\/section>\n\t\t\t\t<\/div>\n\t\t","protected":false},"excerpt":{"rendered":"<p>Contacto Enviar el formulario o llamarnos para contactar con nosotros y conocer m\u00e1s detalles. Brindamos servicios de consulta y le ayudaremos a dise\u00f1ar su sistema de energ\u00eda renovable. Direcci\u00f3n Av. Carballo 183, Rosario, Santa Fe N\u00famero de tel\u00e9fono 0341 5273607<\/p>\n","protected":false},"author":1,"featured_media":0,"parent":0,"menu_order":0,"comment_status":"closed","ping_status":"closed","template":"","meta":{"footnotes":""},"class_list":["post-60","page","type-page","status-publish","hentry"],"amp_enabled":true,"_links":{"self":[{"href":"https:\/\/solartik.com\/ar\/wp-json\/wp\/v2\/pages\/60","targetHints":{"allow":["GET"]}}],"collection":[{"href":"https:\/\/solartik.com\/ar\/wp-json\/wp\/v2\/pages"}],"about":[{"href":"https:\/\/solartik.com\/ar\/wp-json\/wp\/v2\/types\/page"}],"author":[{"embeddable":true,"href":"https:\/\/solartik.com\/ar\/wp-json\/wp\/v2\/users\/1"}],"replies":[{"embeddable":true,"href":"https:\/\/solartik.com\/ar\/wp-json\/wp\/v2\/comments?post=60"}],"version-history":[{"count":3,"href":"https:\/\/solartik.com\/ar\/wp-json\/wp\/v2\/pages\/60\/revisions"}],"predecessor-version":[{"id":7058,"href":"https:\/\/solartik.com\/ar\/wp-json\/wp\/v2\/pages\/60\/revisions\/7058"}],"wp:attachment":[{"href":"https:\/\/solartik.com\/ar\/wp-json\/wp\/v2\/media?parent=60"}],"curies":[{"name":"wp","href":"https:\/\/api.w.org\/{rel}","templated":true}]}}